{"id":207,"date":"2015-12-03T17:27:59","date_gmt":"2015-12-03T16:27:59","guid":{"rendered":"http:\/\/rtvlaw.com\/\/en\/?page_id=207"},"modified":"2016-02-15T23:34:55","modified_gmt":"2016-02-15T22:34:55","slug":"legal-informations","status":"publish","type":"page","link":"https:\/\/www.rtvlaw.com\/en\/legal-informations\/","title":{"rendered":"Legal informations"},"content":{"rendered":"<h2>Notre contenu :<\/h2>\n<p>Le contenu de ce site internet est fourni par :<br \/>\nRenault Thominette Vignaud &amp; Reeve &#8211; AARPI<br \/>\n31, avenue Hoche &#8211; 75008 Paris<\/p>\n<h2>Directeur de la publication :<\/h2>\n<p>Renaud Thominette<\/p>\n<h2>H\u00e9bergement :<\/h2>\n<p>OVH<br \/>\nSAS au capital de 500.000 \u20ac<br \/>\nRCS Roubaix Tourcoing 424 761 419<br \/>\nCode APE 721Z<br \/>\nSi\u00e8ge social : 140 Quai du Sartel &#8211; 59100 Roubaix<\/p>\n<h2>Les liens hypertextes :<\/h2>\n<p>Les pages web proposent \u00e9galement des liens vers d&#8217;autres sites pour lesquels nous ne sommes responsables ni de leur int\u00e9gral respect aux normes d&#8217;ordre public et bonnes moeurs, d&#8217;une part, ni de leur politique de protection des donn\u00e9es personnelles ou d&#8217;utilisation qui en seraient faites, d&#8217;autre part.<br \/>\nEn acc\u00e9dant \u00e0 un autre site, par l&#8217;interm\u00e9diaire d&#8217;un lien hypertexte, vous acceptez que cet acc\u00e8s s&#8217;effectue \u00e0 vos risques et p\u00e9rils. En cons\u00e9quence, tout pr\u00e9judice direct ou indirect r\u00e9sultant de votre acc\u00e8s \u00e0 un autre site reli\u00e9 par un lien hypertexte ne peut engager la responsabilit\u00e9 du cabinet Renault Thominette Vignaud &amp; Reeve. Nous attirons \u00e9galement, votre attention sur l&#8217;utilisation de forums publics o\u00f9 vous seriez amen\u00e9s \u00e0 d\u00e9cliner votre identit\u00e9 ou votre adresse \u00e9lectronique. Cette information est alors publique et peut \u00eatre utilis\u00e9e par un tiers utilisant ce service.<\/p>\n<h2>Propri\u00e9t\u00e9 Industrielle et Intellectuelle :<\/h2>\n<p>Toutes les informations reproduites dans ce site web (d\u00e9p\u00eaches, photos, logos\u2026) sont prot\u00e9g\u00e9es par des droits de propri\u00e9t\u00e9 intellectuelle d\u00e9tenus par le cabinet Renault Thominette Vignaud &amp; Reeve, ou par ses partenaires.<br \/>\nPar cons\u00e9quent, aucune de ces informations ne peut \u00eatre reproduite, modifi\u00e9e, rediffus\u00e9e, traduite, exploit\u00e9e commercialement ou r\u00e9utilis\u00e9e de quelque mani\u00e8re que ce soit sans l&#8217;accord pr\u00e9alable et \u00e9crit du cabinet. Le titre, la conception, la forme du site rtvlaw.com mais aussi son contenu tels que les commentaires, \u00e9ditoriaux, illustrations et images originales et leur organisation, ainsi que toute compilation de logiciels, code source fondamental et autres \u00e9l\u00e9ments contenus sur le site rtvlaw.com sont la propri\u00e9t\u00e9 de Renault Thominette Vignaud &amp; Reeve.<\/p>\n","protected":false},"excerpt":{"rendered":"<p>Notre contenu : Le contenu de ce site internet est fourni par : Renault Thominette Vignaud &amp; Reeve &#8211; AARPI 31, avenue Hoche &#8211; 75008 Paris Directeur de la publication : Renaud Thominette H\u00e9bergement : OVH SAS au capital de 500.000 \u20ac RCS Roubaix Tourcoing 424 761 419 Code APE 721Z Si\u00e8ge social : 140 [&hellip;]<\/p>\n","protected":false},"author":1,"featured_media":72,"parent":0,"menu_order":34,"comment_status":"closed","ping_status":"closed","template":"","meta":{"_acf_changed":false,"footnotes":""},"class_list":["post-207","page","type-page","status-publish","has-post-thumbnail","hentry"],"acf":[],"_links":{"self":[{"href":"https:\/\/www.rtvlaw.com\/en\/wp-json\/wp\/v2\/pages\/207","targetHints":{"allow":["GET"]}}],"collection":[{"href":"https:\/\/www.rtvlaw.com\/en\/wp-json\/wp\/v2\/pages"}],"about":[{"href":"https:\/\/www.rtvlaw.com\/en\/wp-json\/wp\/v2\/types\/page"}],"author":[{"embeddable":true,"href":"https:\/\/www.rtvlaw.com\/en\/wp-json\/wp\/v2\/users\/1"}],"replies":[{"embeddable":true,"href":"https:\/\/www.rtvlaw.com\/en\/wp-json\/wp\/v2\/comments?post=207"}],"version-history":[{"count":2,"href":"https:\/\/www.rtvlaw.com\/en\/wp-json\/wp\/v2\/pages\/207\/revisions"}],"predecessor-version":[{"id":260,"href":"https:\/\/www.rtvlaw.com\/en\/wp-json\/wp\/v2\/pages\/207\/revisions\/260"}],"wp:featuredmedia":[{"embeddable":true,"href":"https:\/\/www.rtvlaw.com\/en\/wp-json\/wp\/v2\/media\/72"}],"wp:attachment":[{"href":"https:\/\/www.rtvlaw.com\/en\/wp-json\/wp\/v2\/media?parent=207"}],"curies":[{"name":"wp","href":"https:\/\/api.w.org\/{rel}","templated":true}]}}